{"id":2425,"date":"2019-12-17T14:41:40","date_gmt":"2019-12-17T19:41:40","guid":{"rendered":"https:\/\/www.alignedcapitalpartners.com\/credit-debit-rates-and-fee-schedule\/"},"modified":"2024-10-28T14:18:09","modified_gmt":"2024-10-28T18:18:09","slug":"credit-debit-rates-and-fee-schedule","status":"publish","type":"page","link":"https:\/\/www.alignedcapitalpartners.com\/fr\/credit-debit-rates-and-fee-schedule\/","title":{"rendered":"Tarifs de Cr\u00e9dit\/D\u00e9bit et Grille des Frais"},"content":{"rendered":"\n<div class=\"wpdt-c\">\n    \n<input type=\"hidden\" id=\"wdtNonceFrontendEdit_13\" name=\"wdtNonceFrontendEdit_13\" value=\"346e29d291\" \/><input type=\"hidden\" name=\"_wp_http_referer\" value=\"\/fr\/wp-json\/wp\/v2\/pages\/2425\" \/>    <input type=\"hidden\" id=\"table_1_desc\" value='{\"tableId\":\"table_1\",\"tableType\":\"manual\",\"selector\":\"#table_1\",\"responsive\":true,\"editable\":false,\"inlineEditing\":false,\"infoBlock\":false,\"globalSearch\":false,\"showRowsPerPage\":false,\"popoverTools\":false,\"hideBeforeLoad\":false,\"number_format\":1,\"decimalPlaces\":2,\"spinnerSrc\":\"https:\\\/\\\/www.alignedcapitalpartners.com\\\/wp-content\\\/plugins\\\/wpdatatables\\\/assets\\\/\\\/img\\\/spinner.gif\",\"groupingEnabled\":false,\"tableWpId\":\"13\",\"dataTableParams\":{\"sDom\":\"BT\\u003C\\u0027clear\\u0027\\u003Etp\",\"bSortCellsTop\":false,\"bFilter\":true,\"bPaginate\":true,\"aLengthMenu\":[[1,5,10,25,50,100,-1],[1,5,10,25,50,100,\"Tout\"]],\"iDisplayLength\":10,\"columnDefs\":[{\"sType\":\"formatted-num\",\"wdtType\":\"int\",\"bVisible\":false,\"orderable\":true,\"searchable\":true,\"InputType\":\"text\",\"name\":\"wdt_ID\",\"origHeader\":\"wdt_ID\",\"notNull\":false,\"conditionalFormattingRules\":[],\"className\":\"numdata integer  column-wdt_id\",\"aTargets\":[0]},{\"sType\":\"string\",\"wdtType\":\"string\",\"bVisible\":true,\"orderable\":true,\"searchable\":true,\"InputType\":\"text\",\"name\":\"accounttypeshowinterestratearecalculated\",\"origHeader\":\"accounttypeshowinterestratearecalculated\",\"notNull\":false,\"conditionalFormattingRules\":[],\"className\":\" column-accounttypeshowinterestratearecalculated\",\"aTargets\":[1]},{\"sType\":\"string\",\"wdtType\":\"string\",\"bVisible\":true,\"orderable\":true,\"searchable\":true,\"InputType\":\"text\",\"name\":\"lt50000\",\"origHeader\":\"lt50000\",\"notNull\":false,\"conditionalFormattingRules\":[],\"className\":\" column-lt50000\",\"aTargets\":[2]},{\"sType\":\"string\",\"wdtType\":\"string\",\"bVisible\":true,\"orderable\":true,\"searchable\":true,\"InputType\":\"text\",\"name\":\"wdtcolumn\",\"origHeader\":\"wdtcolumn\",\"notNull\":false,\"conditionalFormattingRules\":[],\"className\":\" column-wdtcolumn\",\"aTargets\":[3]},{\"sType\":\"string\",\"wdtType\":\"string\",\"bVisible\":true,\"orderable\":true,\"searchable\":true,\"InputType\":\"text\",\"name\":\"wdtcolumn1\",\"origHeader\":\"wdtcolumn1\",\"notNull\":false,\"conditionalFormattingRules\":[],\"className\":\" column-wdtcolumn1\",\"aTargets\":[4]}],\"bAutoWidth\":false,\"order\":[[0,\"asc\"]],\"ordering\":false,\"buttons\":[{\"extend\":\"print\",\"exportOptions\":{\"columns\":\":visible\"},\"className\":\"DTTT_button DTTT_button_print\",\"text\":\"Imprimer\",\"title\":\"How Interest Rates Are Calculated - FR\"},{\"extend\":\"excelHtml5\",\"exportOptions\":{\"columns\":\":visible\"},\"className\":\"DTTT_button DTTT_button_xls\",\"title\":\"How Interest Rates Are Calculated - FR\",\"text\":\"Excel\"},{\"extend\":\"csvHtml5\",\"exportOptions\":{\"columns\":\":visible\"},\"className\":\"DTTT_button DTTT_button_csv\",\"title\":\"How Interest Rates Are Calculated - FR\",\"text\":\"CSV\"},{\"extend\":\"copyHtml5\",\"exportOptions\":{\"columns\":\":visible\"},\"className\":\"DTTT_button DTTT_button_copy\",\"title\":\"How Interest Rates Are Calculated - FR\",\"text\":\"Copier\"}],\"bProcessing\":false,\"serverSide\":true,\"ajax\":{\"url\":\"https:\\\/\\\/www.alignedcapitalpartners.com\\\/wp-admin\\\/admin-ajax.php?action=get_wdtable&table_id=13\",\"type\":\"POST\"},\"sPaginationType\":\"full_numbers\",\"oSearch\":{\"bSmart\":false,\"bRegex\":false,\"sSearch\":\"\"}},\"tabletWidth\":\"1024\",\"mobileWidth\":\"480\",\"advancedFilterEnabled\":false,\"serverSide\":true,\"autoRefreshInterval\":0,\"processing\":true,\"fnServerData\":true,\"columnsFixed\":0,\"sumFunctionsLabel\":\"\",\"avgFunctionsLabel\":\"\",\"minFunctionsLabel\":\"\",\"maxFunctionsLabel\":\"admin\",\"columnsDecimalPlaces\":{\"wdt_ID\":-1,\"accounttypeshowinterestratearecalculated\":-1,\"lt50000\":-1,\"wdtcolumn\":-1,\"wdtcolumn1\":-1},\"columnsThousandsSeparator\":{\"wdt_ID\":0},\"sumColumns\":[],\"avgColumns\":[],\"sumAvgColumns\":[],\"timeFormat\":\"h:i A\",\"datepickFormat\":\"dd\\\/mm\\\/yy\"}'\/>\n\n    <table id=\"table_1\"\n           class=\" responsive display nowrap data-t data-t wpDataTable\"\n           style=\"\"\n           data-described-by='table_1_desc'\n           data-wpdatatable_id=\"13\">\n\n        <!-- Table header -->\n        \n<thead>\n<tr>\n                    <th\n                        class=\" wdtheader sort numdata integer \"\n        style=\"\">wdt_ID<\/th>        <th\n        data-class=\"expand\"                class=\" wdtheader sort \"\n        style=\"\">Types de Comptes (Comment les Taux D\u2019int\u00e9r\u00eat Sont Calcul\u00e9s)<\/th>        <th\n                        class=\" wdtheader sort \"\n        style=\"\">&lt; 50,000<\/th>        <th\n                        class=\" wdtheader sort \"\n        style=\"\">50,000 - 999,999<\/th>        <th\n                        class=\" wdtheader sort \"\n        style=\"\">> 1,000,000<\/th>    <\/tr>\n<\/thead>\n        <!-- \/Table header -->\n\n        <!-- Table body -->\n        \n<tbody>\n<\/tbody>        <!-- \/Table body -->\n\n        <!-- Table footer -->\n        \n        <!-- \/Table footer -->\n\n    <\/table>\n\n<\/div><style>\ntable.wpDataTable td.numdata { text-align: right !important; }\n<\/style>\n\n<p><span style=\"font-family: arial, helvetica, sans-serif; font-size: 14pt;\">Notre grille de frais actuelle est accessible en cliquant ici pour la version anglaise : <a href=\"https:\/\/www.alignedcapitalpartners.com\/wp-content\/uploads\/2023\/10\/Investor-Fee-Schedule-English.pdf\">Grille des frais pour les investisseurs \u2013 Anglais<\/a> <\/span><span style=\"font-family: arial, helvetica, sans-serif; font-size: 14pt;\">et ici : <a href=\"https:\/\/www.alignedcapitalpartners.com\/wp-content\/uploads\/2023\/10\/Investor-Fee-Schedule-French-Version.pdf\">Grille des frais pour les investisseurs \u2013 Fran\u00e7ais<\/a> pour la version fran\u00e7aise.<\/span><\/p>\n<p>&nbsp;<\/p>\n","protected":false},"excerpt":{"rendered":"<p>Notre grille de frais actuelle est accessible en cliquant ici pour la version anglaise : Grille des frais pour les investisseurs \u2013 Anglais et ici : Grille des frais pour les investisseurs \u2013 Fran\u00e7ais pour la version fran\u00e7aise. &nbsp; [&#8230;]<\/p>\n<p><a class=\"btn btn-secondary understrap-read-more-link\" href=\"https:\/\/www.alignedcapitalpartners.com\/fr\/credit-debit-rates-and-fee-schedule\/\">Lire la suite&#8230;<\/a><\/p>\n","protected":false},"author":2,"featured_media":0,"parent":0,"menu_order":40,"comment_status":"closed","ping_status":"closed","template":"","meta":{"_acf_changed":false,"inline_featured_image":false,"footnotes":""},"class_list":["post-2425","page","type-page","status-publish","hentry"],"acf":[],"yoast_head":"<!-- This site is optimized with the Yoast SEO plugin v27.6 - https:\/\/yoast.com\/product\/yoast-seo-wordpress\/ -->\n<title>Tarifs de Cr\u00e9dit\/D\u00e9bit et Grille des Frais - Aligned Capital Partners Inc.<\/title>\n<meta name=\"robots\" content=\"index, follow, max-snippet:-1, max-image-preview:large, max-video-preview:-1\" \/>\n<link rel=\"canonical\" href=\"https:\/\/www.alignedcapitalpartners.com\/fr\/credit-debit-rates-and-fee-schedule\/\" \/>\n<meta property=\"og:locale\" content=\"fr_FR\" \/>\n<meta property=\"og:type\" content=\"article\" \/>\n<meta property=\"og:title\" content=\"Tarifs de Cr\u00e9dit\/D\u00e9bit et Grille des Frais - Aligned Capital Partners Inc.\" \/>\n<meta property=\"og:description\" content=\"Notre grille de frais actuelle est accessible en cliquant ici pour la version anglaise : Grille des frais pour les investisseurs \u2013 Anglais et ici : Grille des frais pour les investisseurs \u2013 Fran\u00e7ais pour la version fran\u00e7aise. &nbsp; [...]Lire la suite...\" \/>\n<meta property=\"og:url\" content=\"https:\/\/www.alignedcapitalpartners.com\/fr\/credit-debit-rates-and-fee-schedule\/\" \/>\n<meta property=\"og:site_name\" content=\"Aligned Capital Partners Inc.\" \/>\n<meta property=\"article:modified_time\" content=\"2024-10-28T18:18:09+00:00\" \/>\n<meta name=\"twitter:card\" content=\"summary_large_image\" \/>\n<meta name=\"twitter:label1\" content=\"Dur\u00e9e de lecture estim\u00e9e\" \/>\n\t<meta name=\"twitter:data1\" content=\"1 minute\" \/>\n<script type=\"application\/ld+json\" class=\"yoast-schema-graph\">{\"@context\":\"https:\\\/\\\/schema.org\",\"@graph\":[{\"@type\":\"WebPage\",\"@id\":\"https:\\\/\\\/www.alignedcapitalpartners.com\\\/fr\\\/credit-debit-rates-and-fee-schedule\\\/\",\"url\":\"https:\\\/\\\/www.alignedcapitalpartners.com\\\/fr\\\/credit-debit-rates-and-fee-schedule\\\/\",\"name\":\"Tarifs de Cr\u00e9dit\\\/D\u00e9bit et Grille des Frais - Aligned Capital Partners Inc.\",\"isPartOf\":{\"@id\":\"https:\\\/\\\/www.alignedcapitalpartners.com\\\/fr\\\/#website\"},\"datePublished\":\"2019-12-17T19:41:40+00:00\",\"dateModified\":\"2024-10-28T18:18:09+00:00\",\"breadcrumb\":{\"@id\":\"https:\\\/\\\/www.alignedcapitalpartners.com\\\/fr\\\/credit-debit-rates-and-fee-schedule\\\/#breadcrumb\"},\"inLanguage\":\"fr-FR\",\"potentialAction\":[{\"@type\":\"ReadAction\",\"target\":[\"https:\\\/\\\/www.alignedcapitalpartners.com\\\/fr\\\/credit-debit-rates-and-fee-schedule\\\/\"]}]},{\"@type\":\"BreadcrumbList\",\"@id\":\"https:\\\/\\\/www.alignedcapitalpartners.com\\\/fr\\\/credit-debit-rates-and-fee-schedule\\\/#breadcrumb\",\"itemListElement\":[{\"@type\":\"ListItem\",\"position\":1,\"name\":\"Home\",\"item\":\"https:\\\/\\\/www.alignedcapitalpartners.com\\\/fr\\\/\"},{\"@type\":\"ListItem\",\"position\":2,\"name\":\"Tarifs de Cr\u00e9dit\\\/D\u00e9bit et Grille des Frais\"}]},{\"@type\":\"WebSite\",\"@id\":\"https:\\\/\\\/www.alignedcapitalpartners.com\\\/fr\\\/#website\",\"url\":\"https:\\\/\\\/www.alignedcapitalpartners.com\\\/fr\\\/\",\"name\":\"Aligned Capital Partners Inc.\",\"description\":\"Empowering Advisors to Run Their Business Their Way\",\"publisher\":{\"@id\":\"https:\\\/\\\/www.alignedcapitalpartners.com\\\/fr\\\/#organization\"},\"potentialAction\":[{\"@type\":\"SearchAction\",\"target\":{\"@type\":\"EntryPoint\",\"urlTemplate\":\"https:\\\/\\\/www.alignedcapitalpartners.com\\\/fr\\\/?s={search_term_string}\"},\"query-input\":{\"@type\":\"PropertyValueSpecification\",\"valueRequired\":true,\"valueName\":\"search_term_string\"}}],\"inLanguage\":\"fr-FR\"},{\"@type\":\"Organization\",\"@id\":\"https:\\\/\\\/www.alignedcapitalpartners.com\\\/fr\\\/#organization\",\"name\":\"Aligned Capital Partners Inc.\",\"url\":\"https:\\\/\\\/www.alignedcapitalpartners.com\\\/fr\\\/\",\"logo\":{\"@type\":\"ImageObject\",\"inLanguage\":\"fr-FR\",\"@id\":\"https:\\\/\\\/www.alignedcapitalpartners.com\\\/fr\\\/#\\\/schema\\\/logo\\\/image\\\/\",\"url\":\"https:\\\/\\\/www.alignedcapitalpartners.com\\\/wp-content\\\/uploads\\\/2018\\\/08\\\/acp_logo.png\",\"contentUrl\":\"https:\\\/\\\/www.alignedcapitalpartners.com\\\/wp-content\\\/uploads\\\/2018\\\/08\\\/acp_logo.png\",\"width\":894,\"height\":240,\"caption\":\"Aligned Capital Partners Inc.\"},\"image\":{\"@id\":\"https:\\\/\\\/www.alignedcapitalpartners.com\\\/fr\\\/#\\\/schema\\\/logo\\\/image\\\/\"},\"sameAs\":[\"https:\\\/\\\/www.linkedin.com\\\/company\\\/aligned-capital-partners-inc-\\\/\"]}]}<\/script>\n<!-- \/ Yoast SEO plugin. -->","yoast_head_json":{"title":"Tarifs de Cr\u00e9dit\/D\u00e9bit et Grille des Frais - Aligned Capital Partners Inc.","robots":{"index":"index","follow":"follow","max-snippet":"max-snippet:-1","max-image-preview":"max-image-preview:large","max-video-preview":"max-video-preview:-1"},"canonical":"https:\/\/www.alignedcapitalpartners.com\/fr\/credit-debit-rates-and-fee-schedule\/","og_locale":"fr_FR","og_type":"article","og_title":"Tarifs de Cr\u00e9dit\/D\u00e9bit et Grille des Frais - Aligned Capital Partners Inc.","og_description":"Notre grille de frais actuelle est accessible en cliquant ici pour la version anglaise : Grille des frais pour les investisseurs \u2013 Anglais et ici : Grille des frais pour les investisseurs \u2013 Fran\u00e7ais pour la version fran\u00e7aise. &nbsp; [...]Lire la suite...","og_url":"https:\/\/www.alignedcapitalpartners.com\/fr\/credit-debit-rates-and-fee-schedule\/","og_site_name":"Aligned Capital Partners Inc.","article_modified_time":"2024-10-28T18:18:09+00:00","twitter_card":"summary_large_image","twitter_misc":{"Dur\u00e9e de lecture estim\u00e9e":"1 minute"},"schema":{"@context":"https:\/\/schema.org","@graph":[{"@type":"WebPage","@id":"https:\/\/www.alignedcapitalpartners.com\/fr\/credit-debit-rates-and-fee-schedule\/","url":"https:\/\/www.alignedcapitalpartners.com\/fr\/credit-debit-rates-and-fee-schedule\/","name":"Tarifs de Cr\u00e9dit\/D\u00e9bit et Grille des Frais - Aligned Capital Partners Inc.","isPartOf":{"@id":"https:\/\/www.alignedcapitalpartners.com\/fr\/#website"},"datePublished":"2019-12-17T19:41:40+00:00","dateModified":"2024-10-28T18:18:09+00:00","breadcrumb":{"@id":"https:\/\/www.alignedcapitalpartners.com\/fr\/credit-debit-rates-and-fee-schedule\/#breadcrumb"},"inLanguage":"fr-FR","potentialAction":[{"@type":"ReadAction","target":["https:\/\/www.alignedcapitalpartners.com\/fr\/credit-debit-rates-and-fee-schedule\/"]}]},{"@type":"BreadcrumbList","@id":"https:\/\/www.alignedcapitalpartners.com\/fr\/credit-debit-rates-and-fee-schedule\/#breadcrumb","itemListElement":[{"@type":"ListItem","position":1,"name":"Home","item":"https:\/\/www.alignedcapitalpartners.com\/fr\/"},{"@type":"ListItem","position":2,"name":"Tarifs de Cr\u00e9dit\/D\u00e9bit et Grille des Frais"}]},{"@type":"WebSite","@id":"https:\/\/www.alignedcapitalpartners.com\/fr\/#website","url":"https:\/\/www.alignedcapitalpartners.com\/fr\/","name":"Aligned Capital Partners Inc.","description":"Empowering Advisors to Run Their Business Their Way","publisher":{"@id":"https:\/\/www.alignedcapitalpartners.com\/fr\/#organization"},"potentialAction":[{"@type":"SearchAction","target":{"@type":"EntryPoint","urlTemplate":"https:\/\/www.alignedcapitalpartners.com\/fr\/?s={search_term_string}"},"query-input":{"@type":"PropertyValueSpecification","valueRequired":true,"valueName":"search_term_string"}}],"inLanguage":"fr-FR"},{"@type":"Organization","@id":"https:\/\/www.alignedcapitalpartners.com\/fr\/#organization","name":"Aligned Capital Partners Inc.","url":"https:\/\/www.alignedcapitalpartners.com\/fr\/","logo":{"@type":"ImageObject","inLanguage":"fr-FR","@id":"https:\/\/www.alignedcapitalpartners.com\/fr\/#\/schema\/logo\/image\/","url":"https:\/\/www.alignedcapitalpartners.com\/wp-content\/uploads\/2018\/08\/acp_logo.png","contentUrl":"https:\/\/www.alignedcapitalpartners.com\/wp-content\/uploads\/2018\/08\/acp_logo.png","width":894,"height":240,"caption":"Aligned Capital Partners Inc."},"image":{"@id":"https:\/\/www.alignedcapitalpartners.com\/fr\/#\/schema\/logo\/image\/"},"sameAs":["https:\/\/www.linkedin.com\/company\/aligned-capital-partners-inc-\/"]}]}},"_links":{"self":[{"href":"https:\/\/www.alignedcapitalpartners.com\/fr\/wp-json\/wp\/v2\/pages\/2425","targetHints":{"allow":["GET"]}}],"collection":[{"href":"https:\/\/www.alignedcapitalpartners.com\/fr\/wp-json\/wp\/v2\/pages"}],"about":[{"href":"https:\/\/www.alignedcapitalpartners.com\/fr\/wp-json\/wp\/v2\/types\/page"}],"author":[{"embeddable":true,"href":"https:\/\/www.alignedcapitalpartners.com\/fr\/wp-json\/wp\/v2\/users\/2"}],"replies":[{"embeddable":true,"href":"https:\/\/www.alignedcapitalpartners.com\/fr\/wp-json\/wp\/v2\/comments?post=2425"}],"version-history":[{"count":6,"href":"https:\/\/www.alignedcapitalpartners.com\/fr\/wp-json\/wp\/v2\/pages\/2425\/revisions"}],"predecessor-version":[{"id":2492,"href":"https:\/\/www.alignedcapitalpartners.com\/fr\/wp-json\/wp\/v2\/pages\/2425\/revisions\/2492"}],"wp:attachment":[{"href":"https:\/\/www.alignedcapitalpartners.com\/fr\/wp-json\/wp\/v2\/media?parent=2425"}],"curies":[{"name":"wp","href":"https:\/\/api.w.org\/{rel}","templated":true}]}}