{"id":2595,"date":"2025-06-24T10:05:32","date_gmt":"2025-06-24T14:05:32","guid":{"rendered":"https:\/\/www.alignedcapitalpartners.com\/?page_id=2595"},"modified":"2025-06-27T10:01:23","modified_gmt":"2025-06-27T14:01:23","slug":"votre-guide-de-releve","status":"publish","type":"page","link":"https:\/\/www.alignedcapitalpartners.com\/fr\/votre-guide-de-releve\/","title":{"rendered":"Votre guide de relev\u00e9"},"content":{"rendered":"<p><span style=\"font-family: arial, helvetica, sans-serif; font-size: 14pt;\">Nous sommes heureux de vous offrir ce guide \u00e9tape par \u00e9tape pour vous aider \u00e0 naviguer facilement votre relev\u00e9 de portefeuille.<\/span><\/p>\n<p><span style=\"font-family: arial, helvetica, sans-serif; font-size: 14pt;\">Votre relev\u00e9 de portefeuille fournit les d\u00e9tails de tous vos comptes aupr\u00e8s de Aligned Capital Partners Inc. (\u00ab ACPI \u00bb) et est con\u00e7u pour pr\u00e9senter l&rsquo;information de fa\u00e7on claire et concise.<\/span><\/p>\n<p><span style=\"font-family: arial, helvetica, sans-serif; font-size: 14pt;\">Vous recevrez un relev\u00e9 de portefeuille sur une base trimestrielle. Des relev\u00e9s mensuels seront \u00e9mis seulement s\u2019il y a eu une activit\u00e9 admissible dans le compte au cours du mois pr\u00e9c\u00e9dent (c\u2019est-\u00e0-dire des transactions initi\u00e9es par le client ou une activit\u00e9 non passive dans le compte).<\/span><\/p>\n<p><span style=\"font-family: arial, helvetica, sans-serif; font-size: 14pt;\">Cliquez sur ce lien : <a href=\"https:\/\/www.alignedcapitalpartners.com\/wp-content\/uploads\/2025\/06\/Guide-de-votre-releve-de-portefeuille.pdf\"><span style=\"text-decoration: underline;\">Guide de votre relev\u00e9 de portefeuille<\/span><\/a> pour consulter le guide et communiquer directement avec votre conseiller financier si vous avez des questions.<\/span><\/p>\n","protected":false},"excerpt":{"rendered":"<p>Nous sommes heureux de vous offrir ce guide \u00e9tape par \u00e9tape pour vous aider \u00e0 naviguer facilement votre relev\u00e9 de portefeuille. Votre relev\u00e9 de portefeuille fournit les d\u00e9tails de tous vos comptes aupr\u00e8s de Aligned Capital Partners Inc. (\u00ab ACPI \u00bb) et est con\u00e7u pour pr\u00e9senter l&rsquo;information de fa\u00e7on claire et concise. Vous recevrez un [&#8230;]<\/p>\n<p><a class=\"btn btn-secondary understrap-read-more-link\" href=\"https:\/\/www.alignedcapitalpartners.com\/fr\/votre-guide-de-releve\/\">Lire la suite&#8230;<\/a><\/p>\n","protected":false},"author":1,"featured_media":0,"parent":0,"menu_order":0,"comment_status":"closed","ping_status":"closed","template":"","meta":{"_acf_changed":false,"inline_featured_image":false,"footnotes":""},"class_list":["post-2595","page","type-page","status-publish","hentry"],"acf":[],"yoast_head":"<!-- This site is optimized with the Yoast SEO plugin v27.5 - https:\/\/yoast.com\/product\/yoast-seo-wordpress\/ -->\n<title>Votre guide de relev\u00e9 - Aligned Capital Partners Inc.<\/title>\n<meta name=\"robots\" content=\"index, follow, max-snippet:-1, max-image-preview:large, max-video-preview:-1\" \/>\n<link rel=\"canonical\" href=\"https:\/\/www.alignedcapitalpartners.com\/fr\/votre-guide-de-releve\/\" \/>\n<meta property=\"og:locale\" content=\"fr_FR\" \/>\n<meta property=\"og:type\" content=\"article\" \/>\n<meta property=\"og:title\" content=\"Votre guide de relev\u00e9 - Aligned Capital Partners Inc.\" \/>\n<meta property=\"og:description\" content=\"Nous sommes heureux de vous offrir ce guide \u00e9tape par \u00e9tape pour vous aider \u00e0 naviguer facilement votre relev\u00e9 de portefeuille. Votre relev\u00e9 de portefeuille fournit les d\u00e9tails de tous vos comptes aupr\u00e8s de Aligned Capital Partners Inc. (\u00ab ACPI \u00bb) et est con\u00e7u pour pr\u00e9senter l&rsquo;information de fa\u00e7on claire et concise. Vous recevrez un [...]Lire la suite...\" \/>\n<meta property=\"og:url\" content=\"https:\/\/www.alignedcapitalpartners.com\/fr\/votre-guide-de-releve\/\" \/>\n<meta property=\"og:site_name\" content=\"Aligned Capital Partners Inc.\" \/>\n<meta property=\"article:modified_time\" content=\"2025-06-27T14:01:23+00:00\" \/>\n<meta name=\"twitter:card\" content=\"summary_large_image\" \/>\n<meta name=\"twitter:label1\" content=\"Dur\u00e9e de lecture estim\u00e9e\" \/>\n\t<meta name=\"twitter:data1\" content=\"1 minute\" \/>\n<script type=\"application\/ld+json\" class=\"yoast-schema-graph\">{\"@context\":\"https:\\\/\\\/schema.org\",\"@graph\":[{\"@type\":\"WebPage\",\"@id\":\"https:\\\/\\\/www.alignedcapitalpartners.com\\\/fr\\\/votre-guide-de-releve\\\/\",\"url\":\"https:\\\/\\\/www.alignedcapitalpartners.com\\\/fr\\\/votre-guide-de-releve\\\/\",\"name\":\"Votre guide de relev\u00e9 - Aligned Capital Partners Inc.\",\"isPartOf\":{\"@id\":\"https:\\\/\\\/www.alignedcapitalpartners.com\\\/fr\\\/#website\"},\"datePublished\":\"2025-06-24T14:05:32+00:00\",\"dateModified\":\"2025-06-27T14:01:23+00:00\",\"breadcrumb\":{\"@id\":\"https:\\\/\\\/www.alignedcapitalpartners.com\\\/fr\\\/votre-guide-de-releve\\\/#breadcrumb\"},\"inLanguage\":\"fr-FR\",\"potentialAction\":[{\"@type\":\"ReadAction\",\"target\":[\"https:\\\/\\\/www.alignedcapitalpartners.com\\\/fr\\\/votre-guide-de-releve\\\/\"]}]},{\"@type\":\"BreadcrumbList\",\"@id\":\"https:\\\/\\\/www.alignedcapitalpartners.com\\\/fr\\\/votre-guide-de-releve\\\/#breadcrumb\",\"itemListElement\":[{\"@type\":\"ListItem\",\"position\":1,\"name\":\"Home\",\"item\":\"https:\\\/\\\/www.alignedcapitalpartners.com\\\/fr\\\/\"},{\"@type\":\"ListItem\",\"position\":2,\"name\":\"Votre guide de relev\u00e9\"}]},{\"@type\":\"WebSite\",\"@id\":\"https:\\\/\\\/www.alignedcapitalpartners.com\\\/fr\\\/#website\",\"url\":\"https:\\\/\\\/www.alignedcapitalpartners.com\\\/fr\\\/\",\"name\":\"Aligned Capital Partners Inc.\",\"description\":\"Empowering Advisors to Run Their Business Their Way\",\"publisher\":{\"@id\":\"https:\\\/\\\/www.alignedcapitalpartners.com\\\/fr\\\/#organization\"},\"potentialAction\":[{\"@type\":\"SearchAction\",\"target\":{\"@type\":\"EntryPoint\",\"urlTemplate\":\"https:\\\/\\\/www.alignedcapitalpartners.com\\\/fr\\\/?s={search_term_string}\"},\"query-input\":{\"@type\":\"PropertyValueSpecification\",\"valueRequired\":true,\"valueName\":\"search_term_string\"}}],\"inLanguage\":\"fr-FR\"},{\"@type\":\"Organization\",\"@id\":\"https:\\\/\\\/www.alignedcapitalpartners.com\\\/fr\\\/#organization\",\"name\":\"Aligned Capital Partners Inc.\",\"url\":\"https:\\\/\\\/www.alignedcapitalpartners.com\\\/fr\\\/\",\"logo\":{\"@type\":\"ImageObject\",\"inLanguage\":\"fr-FR\",\"@id\":\"https:\\\/\\\/www.alignedcapitalpartners.com\\\/fr\\\/#\\\/schema\\\/logo\\\/image\\\/\",\"url\":\"https:\\\/\\\/www.alignedcapitalpartners.com\\\/wp-content\\\/uploads\\\/2018\\\/08\\\/acp_logo.png\",\"contentUrl\":\"https:\\\/\\\/www.alignedcapitalpartners.com\\\/wp-content\\\/uploads\\\/2018\\\/08\\\/acp_logo.png\",\"width\":894,\"height\":240,\"caption\":\"Aligned Capital Partners Inc.\"},\"image\":{\"@id\":\"https:\\\/\\\/www.alignedcapitalpartners.com\\\/fr\\\/#\\\/schema\\\/logo\\\/image\\\/\"},\"sameAs\":[\"https:\\\/\\\/www.linkedin.com\\\/company\\\/aligned-capital-partners-inc-\\\/\"]}]}<\/script>\n<!-- \/ Yoast SEO plugin. -->","yoast_head_json":{"title":"Votre guide de relev\u00e9 - Aligned Capital Partners Inc.","robots":{"index":"index","follow":"follow","max-snippet":"max-snippet:-1","max-image-preview":"max-image-preview:large","max-video-preview":"max-video-preview:-1"},"canonical":"https:\/\/www.alignedcapitalpartners.com\/fr\/votre-guide-de-releve\/","og_locale":"fr_FR","og_type":"article","og_title":"Votre guide de relev\u00e9 - Aligned Capital Partners Inc.","og_description":"Nous sommes heureux de vous offrir ce guide \u00e9tape par \u00e9tape pour vous aider \u00e0 naviguer facilement votre relev\u00e9 de portefeuille. Votre relev\u00e9 de portefeuille fournit les d\u00e9tails de tous vos comptes aupr\u00e8s de Aligned Capital Partners Inc. (\u00ab ACPI \u00bb) et est con\u00e7u pour pr\u00e9senter l&rsquo;information de fa\u00e7on claire et concise. Vous recevrez un [...]Lire la suite...","og_url":"https:\/\/www.alignedcapitalpartners.com\/fr\/votre-guide-de-releve\/","og_site_name":"Aligned Capital Partners Inc.","article_modified_time":"2025-06-27T14:01:23+00:00","twitter_card":"summary_large_image","twitter_misc":{"Dur\u00e9e de lecture estim\u00e9e":"1 minute"},"schema":{"@context":"https:\/\/schema.org","@graph":[{"@type":"WebPage","@id":"https:\/\/www.alignedcapitalpartners.com\/fr\/votre-guide-de-releve\/","url":"https:\/\/www.alignedcapitalpartners.com\/fr\/votre-guide-de-releve\/","name":"Votre guide de relev\u00e9 - Aligned Capital Partners Inc.","isPartOf":{"@id":"https:\/\/www.alignedcapitalpartners.com\/fr\/#website"},"datePublished":"2025-06-24T14:05:32+00:00","dateModified":"2025-06-27T14:01:23+00:00","breadcrumb":{"@id":"https:\/\/www.alignedcapitalpartners.com\/fr\/votre-guide-de-releve\/#breadcrumb"},"inLanguage":"fr-FR","potentialAction":[{"@type":"ReadAction","target":["https:\/\/www.alignedcapitalpartners.com\/fr\/votre-guide-de-releve\/"]}]},{"@type":"BreadcrumbList","@id":"https:\/\/www.alignedcapitalpartners.com\/fr\/votre-guide-de-releve\/#breadcrumb","itemListElement":[{"@type":"ListItem","position":1,"name":"Home","item":"https:\/\/www.alignedcapitalpartners.com\/fr\/"},{"@type":"ListItem","position":2,"name":"Votre guide de relev\u00e9"}]},{"@type":"WebSite","@id":"https:\/\/www.alignedcapitalpartners.com\/fr\/#website","url":"https:\/\/www.alignedcapitalpartners.com\/fr\/","name":"Aligned Capital Partners Inc.","description":"Empowering Advisors to Run Their Business Their Way","publisher":{"@id":"https:\/\/www.alignedcapitalpartners.com\/fr\/#organization"},"potentialAction":[{"@type":"SearchAction","target":{"@type":"EntryPoint","urlTemplate":"https:\/\/www.alignedcapitalpartners.com\/fr\/?s={search_term_string}"},"query-input":{"@type":"PropertyValueSpecification","valueRequired":true,"valueName":"search_term_string"}}],"inLanguage":"fr-FR"},{"@type":"Organization","@id":"https:\/\/www.alignedcapitalpartners.com\/fr\/#organization","name":"Aligned Capital Partners Inc.","url":"https:\/\/www.alignedcapitalpartners.com\/fr\/","logo":{"@type":"ImageObject","inLanguage":"fr-FR","@id":"https:\/\/www.alignedcapitalpartners.com\/fr\/#\/schema\/logo\/image\/","url":"https:\/\/www.alignedcapitalpartners.com\/wp-content\/uploads\/2018\/08\/acp_logo.png","contentUrl":"https:\/\/www.alignedcapitalpartners.com\/wp-content\/uploads\/2018\/08\/acp_logo.png","width":894,"height":240,"caption":"Aligned Capital Partners Inc."},"image":{"@id":"https:\/\/www.alignedcapitalpartners.com\/fr\/#\/schema\/logo\/image\/"},"sameAs":["https:\/\/www.linkedin.com\/company\/aligned-capital-partners-inc-\/"]}]}},"_links":{"self":[{"href":"https:\/\/www.alignedcapitalpartners.com\/fr\/wp-json\/wp\/v2\/pages\/2595","targetHints":{"allow":["GET"]}}],"collection":[{"href":"https:\/\/www.alignedcapitalpartners.com\/fr\/wp-json\/wp\/v2\/pages"}],"about":[{"href":"https:\/\/www.alignedcapitalpartners.com\/fr\/wp-json\/wp\/v2\/types\/page"}],"author":[{"embeddable":true,"href":"https:\/\/www.alignedcapitalpartners.com\/fr\/wp-json\/wp\/v2\/users\/1"}],"replies":[{"embeddable":true,"href":"https:\/\/www.alignedcapitalpartners.com\/fr\/wp-json\/wp\/v2\/comments?post=2595"}],"version-history":[{"count":5,"href":"https:\/\/www.alignedcapitalpartners.com\/fr\/wp-json\/wp\/v2\/pages\/2595\/revisions"}],"predecessor-version":[{"id":2606,"href":"https:\/\/www.alignedcapitalpartners.com\/fr\/wp-json\/wp\/v2\/pages\/2595\/revisions\/2606"}],"wp:attachment":[{"href":"https:\/\/www.alignedcapitalpartners.com\/fr\/wp-json\/wp\/v2\/media?parent=2595"}],"curies":[{"name":"wp","href":"https:\/\/api.w.org\/{rel}","templated":true}]}}